{"id":1540,"date":"2018-06-27T20:03:22","date_gmt":"2018-06-27T19:03:22","guid":{"rendered":"https:\/\/berghaus-christel.com\/?page_id=1540"},"modified":"2019-07-12T15:54:15","modified_gmt":"2019-07-12T14:54:15","slug":"ferienhaus-mieten-in-oesterreich","status":"publish","type":"page","link":"https:\/\/berghaus-christel.com\/de\/ferienhaus-mieten-in-oesterreich\/","title":{"rendered":"Ferienhaus mieten in \u00d6sterreich privat"},"content":{"rendered":"<h1 style=\"text-align: center;\">Ferienhaus mieten in \u00d6sterreich<\/h1>\n<p>Berghaus Christel ist ein privat Ferienhaus in K\u00e4rnten, \u00d6sterreich. Unser Ferienhaus liegt nur 10 Minuten fahren mit dem Auto von Italien. Slowenien ist mit dem Auto in 15 Minuten, \u00fcber einen sehr sch\u00f6nen Pass, erreichbar.<br \/>\nDer Gr\u00fcnde, unser Ferienhaus zu mieten, sind vielen. Wir haben einige Argumente Ihnen zu \u00fcberzeugen.<\/p>\n<p><em>Bitte lesen Sie diese, inspiriere und \u00fcberzeugen.<\/em> <em>Wer wei\u00df, k\u00f6nnen wir Sie so begeistern, dass Sie Ihren n\u00e4chsten Sommerurlaub oder Wintersport in unserem sch\u00f6nen Ferienhaus in \u00d6sterreich verbringen. <\/em><\/p>\n<p><em>Vielleicht m\u00f6chten Sie sehen wie unser Ferienhaus wirklich aussieht? Sieh dir den Film an, als w\u00fcrden Sie selbst durch unser Haus gehen!<\/em><\/p>\n<p><iframe loading=\"lazy\" title=\"Berghaus Christel as if you walk through our holiday home\" width=\"900\" height=\"506\" src=\"https:\/\/www.youtube.com\/embed\/0vL7ZWhjEyQ?feature=oembed\" frameborder=\"0\" allow=\"accelerometer; autoplay; encrypted-media; gyroscope; picture-in-picture\" allowfullscreen><\/iframe><\/p>\n<h3><\/h3>\n<h2>Drei Ferien erleben in einem Urlaub?<\/h2>\n<p>Genie\u00dfen Sie von ein Fr\u00fchst\u00fcck in unserem Ferienhaus in \u00d6sterreich. Am Morgen besuchen Sie Slowenien und essen dort etwas am Mittag. Runden Sie Ihren Tag ab in Italien mit einer traditionellen Pizza in Tarviso!<\/p>\n<p>Das ist m\u00f6glich! 3 Kulturen entdecken in einem Tag. (und Sie brauchen nicht viele Kilometer zu fahren da die Abstanden wirklich nicht gro\u00df sind!). Der Wechsel zwischen diesen drei L\u00e4ndern ist besonders, aber auch sp\u00fcrbar. Die Atmosph\u00e4re und nat\u00fcrlich das Essen in Slowenien, Italien und \u00d6sterreich ist sehr unterschiedlich.<\/p>\n<p>&nbsp;<\/p>\n<h2>Wir vermieten gerne unser Ferienhaus. Aber warum?<\/h2>\n<p>Vom ersten Moment an, als wir eine Tour in dieser Region von \u00d6sterreich bekamen, waren wir beeindruckt! Die Landschaft, das Klima und die viele Aktivit\u00e4ten, die hier m\u00f6glich sind. Wir, wie unsere Kinder, lieben die Berge und \u00d6sterreich.<\/p>\n<p>Aber das Dreil\u00e4ndereck f\u00fcgt etwas hinzu. Dar\u00fcber hinaus hat unseres Dorf Seltschach (K\u00e4rnten) wirklich ein 4-Jahreszeiten-Bereich. Wirklich warme Sommer, kalte Winter, sch\u00f6ner Fr\u00fchling und langer, sch\u00f6ner Herbst.<\/p>\n<p>Inzwischen haben wir all diese Jahreszeiten selbst erlebt. Jede Jahreszeit hat etwas Besonderes!<\/p>\n<p>&nbsp;<\/p>\n<h3>Der Vorteil von K\u00e4rnten ist das alpin-mediterrane Klima.<\/h3>\n<p>Die Sommer sind wunderbar warm. Ab Mai sind die Temperaturen um 20-25 Grad und das ist bis Oktober. Im Sommer ist es noch w\u00e4rmer. Aber selten stickig. Au\u00dferdem k\u00fchlen die Abende ab. So mann hat keine klammen N\u00e4chte. Und w\u00e4hrend des Tages k\u00f6nnen Sie Ausfl\u00fcge machen, ohne das es zu hei\u00df ist.<\/p>\n<h3><\/h3>\n<h3>Kann ich bei diesen hohen Temperaturen Ausfl\u00fcge machen?<\/h3>\n<p>Gerade in den Bergen sind die Temperaturen direkt ein paar Grad niedriger. Vor allem, wenn Sie durch die vielen gro\u00dfen, sch\u00f6nen und besonders gr\u00fcnen W\u00e4lder von \u00d6sterreich\/ K\u00e4rnten wandern oder radeln. Und es ist nicht nur Mountainbiken in K\u00e4rnten !<\/p>\n<p>Eine der bekanntesten und sch\u00f6nsten Radrouten \u00d6sterreichs &#8211; K\u00e4rnten ist der 366 Kilometer lange Drauradweg. Der Radweg f\u00e4ngt an in Toblach (S\u00fcdtirol) und endet in Marburg (Slowenien). Diese Radweg durch S\u00fcd\u00f6sterreich ist in beiden Richtungen ausgeschildert. Er geht weitgehend \u00fcber flaches Gel\u00e4nde.<\/p>\n<p>Nicht nur trainierte Radfahrer k\u00f6nnen auf diese Weise genie\u00dfen von der Natur! Der Drauradweg ist f\u00fcr jedermann zug\u00e4nglich. Und nat\u00fcrlich k\u00f6nnen Sie einen Teil der Strecke radeln!<\/p>\n<h3><\/h3>\n<h3>Stabiles, warmes Sommerwetter.<\/h3>\n<p>Die Sommertemperaturen in K\u00e4rnten sind wunderbar. Genie\u00dfen Sie an einem der vielen Seen mit den Kindern. De Faaker See und Presseger See haben Temperaturen von mehr als 25 Grad. Das ist Genie\u00dfen mit immer die wundersch\u00f6ne Berge in der N\u00e4he!<\/p>\n<p>Solche warmen Seen sagen uns auch indirekt, dass die Tagestemperaturen hoch sind. Viel h\u00f6her als in Tirol oder im Salzburgerland. Das Klima ist auch im S\u00fcden \u00d6sterreichs viel stabiler als in das mitte\u00a0\u00d6sterreichs. Ein weiterer guter Grund, etwas weiter zu fahren als das touristische Tirol oder Salzburgerland. Weil gutes Wetter und nicht zu viel Regen das m\u00f6chte doch jeder?<\/p>\n<p>&nbsp;<\/p>\n<h3>M\u00f6chten Sie nach einem aktiven Tag in \u00d6sterreich, Slowenien oder Italien noch von die Nachmittagssonne genie\u00dfen?<\/h3>\n<p>Das ist in unserem Ferienhaus m\u00f6glich. Vom Haus gibt es einen sch\u00f6nen, freien Blick auf die Berge und den Skilift. Der Garten ist nach S\u00fcden ausgerichtet, ist abfallend und endet in einem sch\u00f6nen Gebirgsbach. Kinder k\u00f6nnen hier spielen. Au\u00dferdem haben wir ein Trampolin im Garten platziert.<\/p>\n<p>So k\u00f6nnen Sie auf der Terrasse unter der Veranda genie\u00dfen, w\u00e4hrend die Kinder Spa\u00df haben. Das Leben genie\u00dfen. Nimm dir einen Moment. Lies ein Buch. Oder machen Sie einen Mittagsschlaf in der \u00f6sterreichischen Sonne.<\/p>\n<p>&nbsp;<\/p>\n<h3>Aber wenn ich ein Ferienhaus mieten m\u00f6chte in \u00d6sterreich, sagt man manchmal dass es auch regelm\u00e4ssig regnet. Ist das richtig?<\/h3>\n<p>Ja es regnet manchmal, deshalb ist es so gr\u00fcn! Aber der Regen f\u00e4llt, wie fermd auch, oft passiert das am Nachmittag oder in der Nacht. Dies geschieht oft nach ein einige warme Tagen. Aber nach einem Nachmittag oder einer Regennacht wird das Wetter schnell besser, erleben wir selbst.<\/p>\n<p>So ja es regnet in\u00a0\u00d6sterreich. Aber die Temperaturen bleiben manchmal hoch. Wie schnell die Regen kommt, wie schnell diese auch weg geht und wieder die Sonne kommt.<\/p>\n<p>&nbsp;<\/p>\n<h2>Die Lifte nach oben ..? Bootfahren ..? KOSTENLOS?<\/h2>\n<p>Ja sicher. Nat\u00fcrlich m\u00f6chten Sie auch etwas erleben in \u00d6sterreich und nicht die ganze Ferien in unserem Ferienhaus bleiben!<\/p>\n<p>Nutzen Sie die Skilifte in K\u00e4rnten kostenlos. Machen Sie Bootsfahrten \u00fcber verschiedene Seen. Besuche Museen kostenlos. Fahren Sie \u00fcber die sch\u00f6nste Bergp\u00e4sse und Wanderungen durch besondere Gebiete. Besuchen Sie sch\u00f6ne (Tier-) G\u00e4rten. F\u00fcr nichts!<\/p>\n<h4>Alles, was Sie tun m\u00fcssen, ist die K\u00e4rnten Card kaufen.<\/h4>\n<p>Einmal. F\u00fcr 1 oder 2 Wochen.<\/p>\n<p>Das kostet 2018 (f\u00fcr Erwachsene): 1 Woche 44 Euro und 2 Wochen 56 Euro (Kinder halbes Geld!). Sehen Sie sich die aktuellen Preise an; <a href=\"https:\/\/www.karinthie.com\/activiteiten\/zomer\/kaernten-card\/\" target=\"_blank\" rel=\"noopener noreferrer\">Kartoptionen f\u00fcr K\u00e4rnten<\/a><\/p>\n<p>Eine fahrt mit der Skilift mit 2 Erwachsenen und 2 Kindern 40-50 Euro kostet. (Jedes Mal.)<\/p>\n<p>&nbsp;<\/p>\n<p>Dann wissen Sie, dass die K\u00e4rnten Card ihren Preis wert ist.<\/p>\n<p>Die K\u00e4rnten Card wird in den Tourismusb\u00fcros der D\u00f6rfer und St\u00e4dte zum Verkauf angeboten.<\/p>\n<p>&nbsp;<\/p>\n<h2>Die Winter in diesem Teil von \u00d6sterreich sind gut, kalt, schneesicher mit viel Sonne.<\/h2>\n<p>Aufgrund der s\u00fcdlichen Standort, gegen Italien, kann es nachts einfach -20 Grad werden. W\u00e4hrend es sich tags\u00fcber in der Sonne +10 Graden kann, oder mehr! Das bedeutet auch schneesicheres Skifahren in \u00d6sterreich.<\/p>\n<p>Warme Winde kennen wir fast nicht in K\u00e4rnten, wegen seine s\u00fcdliche Lage. Die kalte Luft kommt aus Italien . Die Luft steigt auf und geht weiter Richtung Tirol und Salzburgerland. Wegen der kalten N\u00e4chte und dem Mangel an warmen Winde bleibt der Schnee lange Zeit sehr guht.<\/p>\n<h4>Und Sie k\u00f6nnen 100 Meter von unserem Ferienhaus Skifahren gehen!<\/h4>\n<p>&nbsp;<\/p>\n<h3>Billig Skifahren<\/h3>\n<p>Wenn Sie den Skipass am Dreil\u00e4ndereck (\u00d6sterreich &#8211; Italien &#8211; Slowenien) kaufen, k\u00f6nnen Sie neben dem Skifahren in \u00d6sterreich auch in Slowenien und Italien Skifahren.<\/p>\n<p>Das haben wir nat\u00fcrlich selbst erlebt: Es ist ein einzigartiges und besonderes Wintersport-Erlebnis. Und auch Zahlbar. Ein Skipass kostet wirklich keine 200 Euro f\u00fcr eine Woche. So bleibt Skifahren Spa\u00df haben! Au\u00dferdem gibt es ein Familien-Ski-Paket zum Verkauf, das noch g\u00fcnstiger ist.<\/p>\n<h3><\/h3>\n<h3>Aber essen auf der Skipiste?<\/h3>\n<p>Ein Gl\u00fchwein kostet kein 5 \u20ac und Essen auf der Skipiste ist nicht teuer. Auch in Italien im Skigebiet Tarvisio in Monte Lussari, auf 1700m H\u00f6he, in einem alten historischen Dorf, k\u00f6nnen Sie immer super, zahlbar essen. Ski aus diesem Dorf (schon \u00fcber 100 Jahre alt) und genie\u00dfen Sie der Wintersonne.<\/p>\n<h3><\/h3>\n<h3>Ferienhaus mieten an der Skipiste?!<\/h3>\n<p>Nur 100 Meter vom Berghaus Christel entfernt erreichen Sie den Skilift des Dreil\u00e4nderecks \u00d6sterreich &#8211; Slowenien &#8211; Italien. Dieser Skilift ist im Winter und im Sommer ge\u00f6ffnet. Hier f\u00e4ngt auch die Skischule an. Wenn Sie mehr \u00fcber die Vermietung unseres Ferienhauses wissen m\u00f6chte, pr\u00fcfen Sie bitte\u00a0<a href=\"https:\/\/berghaus-christel.com\/de\/preise-und-verfugbarkeit-berghaus-christel\/\" target=\"_blank\" rel=\"noopener noreferrer\">dieser Link &gt;&gt;.<\/a><\/p>\n<p>Wir haben einen super Hausmeister, der die Vermietung erm\u00f6glicht. Er empf\u00e4ngt Sie, gibt den Schl\u00fcssel und wenn Sie Fragen haben, ist er immer verf\u00fcgbar.<\/p>\n<h3><\/h3>\n<h2>Unser Ferienhaus selbst.<\/h2>\n<p>Das Ferienhaus ist traditionell mit Holzbalken und schweren, dicken W\u00e4nden gebaut. Im Sommer bleibt das Haus k\u00fchl, im Winter bleibt die K\u00e4lte drau\u00dfen. Wir haben Berghaus Christel mit Leidenschaft und Liebe dekoriert. Nat\u00fcrlich f\u00fcr uns, aber auch f\u00fcr Sie als Gast oder potentieller Mieter unseres sch\u00f6nen Ferienhauses.<\/p>\n<p>Eine voll ausgestattete K\u00fcche (K\u00fchlschrank, Gefrierschrank, Backofen, keramisches Kochfeld, Nespresso-Kaffeemaschine, Wasserkocher). Der Esstisch ist komplett aus einem Baumstamm angefertigt, wie auch die Lampe \u00fcber diesem Tisch.<\/p>\n<p>Am echten Holzofen kann man sich im Winter nach einem Ski- oder Langlauftag wunderbar aufw\u00e4rmen. Nat\u00fcrlich gibt es auch einen Fernsehen und WIFI.<\/p>\n<p>Auf der ersten Etage hat das Haus 2 B\u00e4der und 2 Schlafzimmer. Im Dachgeschoss befindet sich ein Etagenbett und ein Einzelbett.<\/p>\n<p>Ausreichender Komfort f\u00fcr 6 bis 7 G\u00e4ste.<\/p>\n<p><a href=\"https:\/\/berghaus-christel.com\/de\/ferienwohnung-berghaus-christel\/\" target=\"_blank\" rel=\"noopener noreferrer\">Lesen Sie mehr dar\u00fcber, was unser Ferienhaus zu bieten hat.<\/a><\/p>\n<p>&nbsp;<\/p>\n<hr \/>\n<h3>Mieten Sie unser Ferienhaus?<\/h3>\n<p>Inspiriert? Begeistert geworden? M\u00f6chten Sie unser Ferienhaus mieten in diesem besonderen Teil \u00d6sterreichs f\u00fcr Skiurlaub oder Sommerferien?<\/p>\n<p>Oder haben Sie Fragen \u00fcber das Mieten unseres Hauses? Sie erreichen uns direkt unter 0031-617100157 oder per E-Mail <a href=\"mailto:berghauschristel@gmail.com\" target=\"_blank\" rel=\"noopener noreferrer\">berghauschristel@gmail.com<\/a>.<\/p>\n<p>&nbsp;<\/p>\n","protected":false},"excerpt":{"rendered":"Ferienhaus mieten in \u00d6sterreich Berghaus Christel ist ein privat Ferienhaus in K\u00e4rnten, \u00d6sterreich. Unser Ferienhaus liegt nur 10 Minuten fahren mit dem Auto von Italien. Slowenien ist mit dem Auto in 15 Minuten, \u00fcber einen sehr sch\u00f6nen Pass, erreichbar. Der Gr\u00fcnde, unser Ferienhaus zu mieten, sind vielen. Wir haben einige Argumente Ihnen zu \u00fcberzeugen. Bitte&#8230; <a class=\"view-article\" href=\"https:\/\/berghaus-christel.com\/de\/ferienhaus-mieten-in-oesterreich\/\">View Article<\/a>","protected":false},"author":4,"featured_media":0,"parent":0,"menu_order":0,"comment_status":"closed","ping_status":"closed","template":"","meta":{"_monsterinsights_skip_tracking":false,"_monsterinsights_sitenote_active":false,"_monsterinsights_sitenote_note":"","_monsterinsights_sitenote_category":0,"footnotes":""},"class_list":["post-1540","page","type-page","status-publish","hentry"],"yoast_head":"<!-- This site is optimized with the Yoast SEO plugin v27.4 - https:\/\/yoast.com\/product\/yoast-seo-wordpress\/ -->\n<title>Ferienhaus mieten in \u00d6sterreich privat - Berghaus Christel -<\/title>\n<meta name=\"description\" content=\"Ferienhaus mieten \u00d6sterreich | Ferienhaus an skilift | 3 Schlafzimmer - 2 Badezimmer | 15 minuten von Faaker See | Video von Ferienhaus\" \/>\n<meta name=\"robots\" content=\"index, follow, max-snippet:-1, max-image-preview:large, max-video-preview:-1\" \/>\n<link rel=\"canonical\" href=\"https:\/\/berghaus-christel.com\/de\/ferienhaus-mieten-in-oesterreich\/\" \/>\n<meta property=\"og:locale\" content=\"de_DE\" \/>\n<meta property=\"og:type\" content=\"article\" \/>\n<meta property=\"og:title\" content=\"Ferienhaus mieten in \u00d6sterreich privat - Berghaus Christel -\" \/>\n<meta property=\"og:description\" content=\"Ferienhaus mieten \u00d6sterreich | Ferienhaus an skilift | 3 Schlafzimmer - 2 Badezimmer | 15 minuten von Faaker See | Video von Ferienhaus\" \/>\n<meta property=\"og:url\" content=\"https:\/\/berghaus-christel.com\/de\/ferienhaus-mieten-in-oesterreich\/\" \/>\n<meta property=\"og:site_name\" content=\"Berghaus Christel\" \/>\n<meta property=\"article:modified_time\" content=\"2019-07-12T14:54:15+00:00\" \/>\n<meta name=\"twitter:label1\" content=\"Gesch\u00e4tzte Lesezeit\" \/>\n\t<meta name=\"twitter:data1\" content=\"8\u00a0Minuten\" \/>\n<script type=\"application\/ld+json\" class=\"yoast-schema-graph\">{\"@context\":\"https:\\\/\\\/schema.org\",\"@graph\":[{\"@type\":\"WebPage\",\"@id\":\"https:\\\/\\\/berghaus-christel.com\\\/de\\\/ferienhaus-mieten-in-oesterreich\\\/\",\"url\":\"https:\\\/\\\/berghaus-christel.com\\\/de\\\/ferienhaus-mieten-in-oesterreich\\\/\",\"name\":\"Ferienhaus mieten in \u00d6sterreich privat - Berghaus Christel -\",\"isPartOf\":{\"@id\":\"https:\\\/\\\/berghaus-christel.com\\\/de\\\/#website\"},\"datePublished\":\"2018-06-27T19:03:22+00:00\",\"dateModified\":\"2019-07-12T14:54:15+00:00\",\"description\":\"Ferienhaus mieten \u00d6sterreich | Ferienhaus an skilift | 3 Schlafzimmer - 2 Badezimmer | 15 minuten von Faaker See | Video von Ferienhaus\",\"inLanguage\":\"de\",\"potentialAction\":[{\"@type\":\"ReadAction\",\"target\":[\"https:\\\/\\\/berghaus-christel.com\\\/de\\\/ferienhaus-mieten-in-oesterreich\\\/\"]}]},{\"@type\":\"WebSite\",\"@id\":\"https:\\\/\\\/berghaus-christel.com\\\/de\\\/#website\",\"url\":\"https:\\\/\\\/berghaus-christel.com\\\/de\\\/\",\"name\":\"Berghaus Christel\",\"description\":\"Mieten Sie Ihre Ferien Villa in K\u00e4rnten\",\"potentialAction\":[{\"@type\":\"SearchAction\",\"target\":{\"@type\":\"EntryPoint\",\"urlTemplate\":\"https:\\\/\\\/berghaus-christel.com\\\/de\\\/?s={search_term_string}\"},\"query-input\":{\"@type\":\"PropertyValueSpecification\",\"valueRequired\":true,\"valueName\":\"search_term_string\"}}],\"inLanguage\":\"de\"}]}<\/script>\n<!-- \/ Yoast SEO plugin. -->","yoast_head_json":{"title":"Ferienhaus mieten in \u00d6sterreich privat - Berghaus Christel -","description":"Ferienhaus mieten \u00d6sterreich | Ferienhaus an skilift | 3 Schlafzimmer - 2 Badezimmer | 15 minuten von Faaker See | Video von Ferienhaus","robots":{"index":"index","follow":"follow","max-snippet":"max-snippet:-1","max-image-preview":"max-image-preview:large","max-video-preview":"max-video-preview:-1"},"canonical":"https:\/\/berghaus-christel.com\/de\/ferienhaus-mieten-in-oesterreich\/","og_locale":"de_DE","og_type":"article","og_title":"Ferienhaus mieten in \u00d6sterreich privat - Berghaus Christel -","og_description":"Ferienhaus mieten \u00d6sterreich | Ferienhaus an skilift | 3 Schlafzimmer - 2 Badezimmer | 15 minuten von Faaker See | Video von Ferienhaus","og_url":"https:\/\/berghaus-christel.com\/de\/ferienhaus-mieten-in-oesterreich\/","og_site_name":"Berghaus Christel","article_modified_time":"2019-07-12T14:54:15+00:00","twitter_misc":{"Gesch\u00e4tzte Lesezeit":"8\u00a0Minuten"},"schema":{"@context":"https:\/\/schema.org","@graph":[{"@type":"WebPage","@id":"https:\/\/berghaus-christel.com\/de\/ferienhaus-mieten-in-oesterreich\/","url":"https:\/\/berghaus-christel.com\/de\/ferienhaus-mieten-in-oesterreich\/","name":"Ferienhaus mieten in \u00d6sterreich privat - Berghaus Christel -","isPartOf":{"@id":"https:\/\/berghaus-christel.com\/de\/#website"},"datePublished":"2018-06-27T19:03:22+00:00","dateModified":"2019-07-12T14:54:15+00:00","description":"Ferienhaus mieten \u00d6sterreich | Ferienhaus an skilift | 3 Schlafzimmer - 2 Badezimmer | 15 minuten von Faaker See | Video von Ferienhaus","inLanguage":"de","potentialAction":[{"@type":"ReadAction","target":["https:\/\/berghaus-christel.com\/de\/ferienhaus-mieten-in-oesterreich\/"]}]},{"@type":"WebSite","@id":"https:\/\/berghaus-christel.com\/de\/#website","url":"https:\/\/berghaus-christel.com\/de\/","name":"Berghaus Christel","description":"Mieten Sie Ihre Ferien Villa in K\u00e4rnten","potentialAction":[{"@type":"SearchAction","target":{"@type":"EntryPoint","urlTemplate":"https:\/\/berghaus-christel.com\/de\/?s={search_term_string}"},"query-input":{"@type":"PropertyValueSpecification","valueRequired":true,"valueName":"search_term_string"}}],"inLanguage":"de"}]}},"_links":{"self":[{"href":"https:\/\/berghaus-christel.com\/de\/wp-json\/wp\/v2\/pages\/1540","targetHints":{"allow":["GET"]}}],"collection":[{"href":"https:\/\/berghaus-christel.com\/de\/wp-json\/wp\/v2\/pages"}],"about":[{"href":"https:\/\/berghaus-christel.com\/de\/wp-json\/wp\/v2\/types\/page"}],"author":[{"embeddable":true,"href":"https:\/\/berghaus-christel.com\/de\/wp-json\/wp\/v2\/users\/4"}],"replies":[{"embeddable":true,"href":"https:\/\/berghaus-christel.com\/de\/wp-json\/wp\/v2\/comments?post=1540"}],"version-history":[{"count":10,"href":"https:\/\/berghaus-christel.com\/de\/wp-json\/wp\/v2\/pages\/1540\/revisions"}],"predecessor-version":[{"id":2149,"href":"https:\/\/berghaus-christel.com\/de\/wp-json\/wp\/v2\/pages\/1540\/revisions\/2149"}],"wp:attachment":[{"href":"https:\/\/berghaus-christel.com\/de\/wp-json\/wp\/v2\/media?parent=1540"}],"curies":[{"name":"wp","href":"https:\/\/api.w.org\/{rel}","templated":true}]}}