{"id":306,"date":"2011-10-27T19:46:03","date_gmt":"2011-10-27T19:46:03","guid":{"rendered":"http:\/\/localhost\/KWOklant\/home-2\/"},"modified":"2025-04-28T21:41:07","modified_gmt":"2025-04-28T19:41:07","slug":"home","status":"publish","type":"page","link":"https:\/\/berghaus-christel.com\/de\/","title":{"rendered":"home"},"content":{"rendered":"<div id=\"home-top\">\n<p><img loading=\"lazy\" decoding=\"async\" width=\"750\" height=\"561\" class=\"aligncenter size-full wp-image-1057\" src=\"\/wp-content\/uploads\/logo-berghaus-christel-home-shade.png\" alt=\"\" srcset=\"https:\/\/berghaus-christel.com\/wp-content\/uploads\/logo-berghaus-christel-home-shade.png 750w, https:\/\/berghaus-christel.com\/wp-content\/uploads\/logo-berghaus-christel-home-shade-250x187.png 250w, https:\/\/berghaus-christel.com\/wp-content\/uploads\/logo-berghaus-christel-home-shade-700x524.png 700w, https:\/\/berghaus-christel.com\/wp-content\/uploads\/logo-berghaus-christel-home-shade-120x90.png 120w\" sizes=\"auto, (max-width: 750px) 100vw, 750px\" \/><\/p>\n<\/div>\n<div id=\"home-text\">\n<h1><span class=\"xl\" style=\"color: #ffffff;\">Ferienhaus Berghaus Christel mieten am Skilift, am Dreil\u00e4ndereck, K\u00e4rnten!<\/span><\/h1>\n<div class=\"su-row\">\n<div class=\"su-column su-column-size-1-2\"><div class=\"su-column-inner su-u-clearfix su-u-trim\">In S\u00fcdk\u00e4rnten, am Fu\u00dfe des Berges, liegt unser Ferienhaus. Hier am Dreil\u00e4ndereck, wo \u00d6sterreich, Italien und Slowenien zusammen kommen, kann mann die allt\u00e4glichen Sorgen vergessen. Kommen Sie geniessen von das gute Leben!<\/p>\n<p>Ein Ferienhaus mit dem Faaker See und dem Ossiacher See in der N\u00e4he. Die Erreichbarkeit der Aktivit\u00e4ten in K\u00e4rnten, Italien und Slowenien ist ausgezeichnet!<\/p>\n<h3><\/h3>\n<h3>Die M\u00f6glichkeiten der Gegend sind sehr vielf\u00e4ltig, im Winter und im Sommer.<\/h3>\n<p>&nbsp;<\/p>\n<p>Jeder der Kultur, Natur und Sport liebt, wird hier einen sch\u00f6nen Urlaub haben. Mit einem Trampolin und einem Bergbach ist es ein wunderbares Ferienhaus f\u00fcr Kinder. Schauen Sie diese <a href=\"https:\/\/youtu.be\/0vL7ZWhjEyQ\" target=\"_blank\" rel=\"noopener noreferrer\">Video unseres Ferienhaus<\/a>.<\/p>\n<p>&nbsp;<\/p>\n<h3>Neuigkeiten und Bewertungen lesen?<\/h3>\n<p>&nbsp;<\/p>\n<p>Wir haben seit 2018 vielen G\u00e4ste gehabt in unser Ferienhaus. Sie haben sch\u00f6ne Bewertungen geben.\u00a0<a href=\"https:\/\/berghaus-christel.com\/de\/neuigkeiten\/\" target=\"_blank\" rel=\"noopener noreferrer\">Lesen Sie weiter&gt;&gt;<\/a><\/p>\n<\/div><\/div>\n<div class=\"su-column su-column-size-1-2\"><div class=\"su-column-inner su-u-clearfix su-u-trim\">\n<div class=\"text\">Das Potential des Gebiets ist sehr vielf\u00e4ltig im Winter wie im Sommer. Skilift ist in Betrieb im Winter und Sommer. Mit einem Aufenthalt <a href=\"https:\/\/berghaus-christel.com\/de\/preise-und-verfugbarkeit-berghaus-christel\/\" target=\"_blank\" rel=\"noopener noreferrer\">in unserem Ferienhaus<\/a> haben Sie drei Kulturen, die Berge und die Seen in der N\u00e4he.<\/div>\n<div><\/div>\n<\/div>\n<div>\n<p>&nbsp;<\/p>\n<p>Berghaus Christel ist sehr einfach zu erreichen. Bei Arnoldstein verlassen Sie die Autobahn und fahren Sie 4 Kilometer auf einer Nebenstra\u00dfe zum Haus. Unser Ferienhaus liegt auf einer H\u00f6he von 680 Metern im Ort &#8218;Seltschach&#8216;. Diese Stra\u00dfe wird im Winter schneefrei gehalten.<\/p>\n<\/div>\n<h3><\/h3>\n<h3>M\u00f6chten Sie mehr Informationen bekommen?<\/h3>\n<p>&nbsp;<\/p>\n<p>Schauen Sie den Fotos und videos an. <a href=\"https:\/\/berghaus-christel.com\/de\/ferienhaus-mieten-in-oesterreich\/\">Lesen Sie mehr<\/a> \u00fcber unser Ferienhaus und die Umgebung. Schauen Sie sich die Preisen an und reservieren Sie Ihren idealen Ferienort! Sie k\u00f6nnen uns nat\u00fcrlich auch anrufen (+31-617100157). Oder ein <a href=\"https:\/\/berghaus-christel.com\/de\/kontakt\/\">E-mail<\/a> schicken wann Sie mehr Information haben m\u00f6chten!<\/p>\n<\/div><\/div>\n<\/div>\n","protected":false},"excerpt":{"rendered":"Ferienhaus Berghaus Christel mieten am Skilift, am Dreil\u00e4ndereck, K\u00e4rnten!","protected":false},"author":4,"featured_media":0,"parent":0,"menu_order":0,"comment_status":"closed","ping_status":"open","template":"","meta":{"_monsterinsights_skip_tracking":false,"_monsterinsights_sitenote_active":false,"_monsterinsights_sitenote_note":"","_monsterinsights_sitenote_category":0,"footnotes":""},"class_list":["post-306","page","type-page","status-publish","hentry"],"yoast_head":"<!-- This site is optimized with the Yoast SEO plugin v27.3 - https:\/\/yoast.com\/product\/yoast-seo-wordpress\/ -->\n<title>Ferienhaus mieten Osterreich am Skipiste Familienfreundliches Skigebiet<\/title>\n<meta name=\"description\" content=\"Mieten Sie unser Ferienhaus in K\u00e4rnten, Austria | 100 meter von Skilift | Faaker See in 15 minuten zu erreichen | Ski in Austria, Italy und Slowenien\" \/>\n<meta name=\"robots\" content=\"index, follow, max-snippet:-1, max-image-preview:large, max-video-preview:-1\" \/>\n<link rel=\"canonical\" href=\"https:\/\/berghaus-christel.com\/de\/\" \/>\n<meta property=\"og:locale\" content=\"de_DE\" \/>\n<meta property=\"og:type\" content=\"article\" \/>\n<meta property=\"og:title\" content=\"Ferienhaus mieten Osterreich am Skipiste Familienfreundliches Skigebiet\" \/>\n<meta property=\"og:description\" content=\"Mieten Sie unser Ferienhaus in K\u00e4rnten, Austria | 100 meter von Skilift | Faaker See in 15 minuten zu erreichen | Ski in Austria, Italy und Slowenien\" \/>\n<meta property=\"og:url\" content=\"https:\/\/berghaus-christel.com\/de\/\" \/>\n<meta property=\"og:site_name\" content=\"Berghaus Christel\" \/>\n<meta property=\"article:modified_time\" content=\"2025-04-28T19:41:07+00:00\" \/>\n<meta name=\"twitter:label1\" content=\"Gesch\u00e4tzte Lesezeit\" \/>\n\t<meta name=\"twitter:data1\" content=\"2\u00a0Minuten\" \/>\n<script type=\"application\/ld+json\" class=\"yoast-schema-graph\">{\"@context\":\"https:\\\/\\\/schema.org\",\"@graph\":[{\"@type\":\"WebPage\",\"@id\":\"https:\\\/\\\/berghaus-christel.com\\\/de\\\/\",\"url\":\"https:\\\/\\\/berghaus-christel.com\\\/de\\\/\",\"name\":\"Ferienhaus mieten Osterreich am Skipiste Familienfreundliches Skigebiet\",\"isPartOf\":{\"@id\":\"https:\\\/\\\/berghaus-christel.com\\\/de\\\/#website\"},\"datePublished\":\"2011-10-27T19:46:03+00:00\",\"dateModified\":\"2025-04-28T19:41:07+00:00\",\"description\":\"Mieten Sie unser Ferienhaus in K\u00e4rnten, Austria | 100 meter von Skilift | Faaker See in 15 minuten zu erreichen | Ski in Austria, Italy und Slowenien\",\"inLanguage\":\"de\",\"potentialAction\":[{\"@type\":\"ReadAction\",\"target\":[\"https:\\\/\\\/berghaus-christel.com\\\/de\\\/\"]}]},{\"@type\":\"WebSite\",\"@id\":\"https:\\\/\\\/berghaus-christel.com\\\/de\\\/#website\",\"url\":\"https:\\\/\\\/berghaus-christel.com\\\/de\\\/\",\"name\":\"Berghaus Christel\",\"description\":\"Mieten Sie Ihre Ferien Villa in K\u00e4rnten\",\"potentialAction\":[{\"@type\":\"SearchAction\",\"target\":{\"@type\":\"EntryPoint\",\"urlTemplate\":\"https:\\\/\\\/berghaus-christel.com\\\/de\\\/?s={search_term_string}\"},\"query-input\":{\"@type\":\"PropertyValueSpecification\",\"valueRequired\":true,\"valueName\":\"search_term_string\"}}],\"inLanguage\":\"de\"}]}<\/script>\n<!-- \/ Yoast SEO plugin. -->","yoast_head_json":{"title":"Ferienhaus mieten Osterreich am Skipiste Familienfreundliches Skigebiet","description":"Mieten Sie unser Ferienhaus in K\u00e4rnten, Austria | 100 meter von Skilift | Faaker See in 15 minuten zu erreichen | Ski in Austria, Italy und Slowenien","robots":{"index":"index","follow":"follow","max-snippet":"max-snippet:-1","max-image-preview":"max-image-preview:large","max-video-preview":"max-video-preview:-1"},"canonical":"https:\/\/berghaus-christel.com\/de\/","og_locale":"de_DE","og_type":"article","og_title":"Ferienhaus mieten Osterreich am Skipiste Familienfreundliches Skigebiet","og_description":"Mieten Sie unser Ferienhaus in K\u00e4rnten, Austria | 100 meter von Skilift | Faaker See in 15 minuten zu erreichen | Ski in Austria, Italy und Slowenien","og_url":"https:\/\/berghaus-christel.com\/de\/","og_site_name":"Berghaus Christel","article_modified_time":"2025-04-28T19:41:07+00:00","twitter_misc":{"Gesch\u00e4tzte Lesezeit":"2\u00a0Minuten"},"schema":{"@context":"https:\/\/schema.org","@graph":[{"@type":"WebPage","@id":"https:\/\/berghaus-christel.com\/de\/","url":"https:\/\/berghaus-christel.com\/de\/","name":"Ferienhaus mieten Osterreich am Skipiste Familienfreundliches Skigebiet","isPartOf":{"@id":"https:\/\/berghaus-christel.com\/de\/#website"},"datePublished":"2011-10-27T19:46:03+00:00","dateModified":"2025-04-28T19:41:07+00:00","description":"Mieten Sie unser Ferienhaus in K\u00e4rnten, Austria | 100 meter von Skilift | Faaker See in 15 minuten zu erreichen | Ski in Austria, Italy und Slowenien","inLanguage":"de","potentialAction":[{"@type":"ReadAction","target":["https:\/\/berghaus-christel.com\/de\/"]}]},{"@type":"WebSite","@id":"https:\/\/berghaus-christel.com\/de\/#website","url":"https:\/\/berghaus-christel.com\/de\/","name":"Berghaus Christel","description":"Mieten Sie Ihre Ferien Villa in K\u00e4rnten","potentialAction":[{"@type":"SearchAction","target":{"@type":"EntryPoint","urlTemplate":"https:\/\/berghaus-christel.com\/de\/?s={search_term_string}"},"query-input":{"@type":"PropertyValueSpecification","valueRequired":true,"valueName":"search_term_string"}}],"inLanguage":"de"}]}},"_links":{"self":[{"href":"https:\/\/berghaus-christel.com\/de\/wp-json\/wp\/v2\/pages\/306","targetHints":{"allow":["GET"]}}],"collection":[{"href":"https:\/\/berghaus-christel.com\/de\/wp-json\/wp\/v2\/pages"}],"about":[{"href":"https:\/\/berghaus-christel.com\/de\/wp-json\/wp\/v2\/types\/page"}],"author":[{"embeddable":true,"href":"https:\/\/berghaus-christel.com\/de\/wp-json\/wp\/v2\/users\/4"}],"replies":[{"embeddable":true,"href":"https:\/\/berghaus-christel.com\/de\/wp-json\/wp\/v2\/comments?post=306"}],"version-history":[{"count":10,"href":"https:\/\/berghaus-christel.com\/de\/wp-json\/wp\/v2\/pages\/306\/revisions"}],"predecessor-version":[{"id":6320,"href":"https:\/\/berghaus-christel.com\/de\/wp-json\/wp\/v2\/pages\/306\/revisions\/6320"}],"wp:attachment":[{"href":"https:\/\/berghaus-christel.com\/de\/wp-json\/wp\/v2\/media?parent=306"}],"curies":[{"name":"wp","href":"https:\/\/api.w.org\/{rel}","templated":true}]}}