{"id":324,"date":"2011-10-27T19:26:41","date_gmt":"2011-10-27T19:26:41","guid":{"rendered":"http:\/\/localhost\/KWOklant\/prijzen-2\/"},"modified":"2025-08-20T08:48:07","modified_gmt":"2025-08-20T06:48:07","slug":"preis-und-verfugbarkeit-berghaus-christel","status":"publish","type":"page","link":"https:\/\/berghaus-christel.com\/de\/preis-und-verfugbarkeit-berghaus-christel\/","title":{"rendered":"Preis und Verf\u00fcgbarkeit"},"content":{"rendered":"<h2>PREIS UND VERF\u00dcGBARKEIT FERIENHAUS BERGHAUS CHRISTEL<\/h2>\n<p>Mietpreis Ferienhaus Berghaus Christel ist pro Woche und sind von Samstag 16:00 &#8211; Samstag 10:00 oder Sonntag 16:00 &#8211; Sonntag 10:00. In der Nebensaison ist es auch m\u00f6glich, k\u00fcrzer zu bleiben. Sie k\u00f6nnen auch an einem anderen Tag ankommen oder abfahren auf einen anderen Tag. F\u00fchlen Sie sich frei, uns f\u00fcr die M\u00f6glichkeiten zu kontaktieren. Tel +31 617 100 157 oder mail <a href=\"mailto:berghauschristel@gmail.com\">berghauschristel@gmail.com<\/a>. <a href=\"https:\/\/berghaus-christel.com\/de\/ferienhaus-mieten-in-oesterreich\/\">Lesen Sie mehr<\/a> \u00fcber unser Haus und die warum wir eine Ferien in K\u00e4rnten empfehlen<\/p>\n<div>\n<h3 class=\"info-attrib\">Angebot<\/h3>\n<\/div>\n<div>In Nebensaison erhalten Sie bei einem Mindestaufenthalt von 2 Wochen 15% Rabatt auf der Mietpreis.<br \/>\n(Nebensaison: Januar (nicht Weihnachtswochen), M\u00e4rz, April, Oktober und November)<\/div>\n<div><\/div>\n<div class=\"info-attrib\">\n<table id=\"tablepress-9\" class=\"tablepress tablepress-id-9 pricing\">\n<tbody class=\"row-striping row-hover\">\n<tr class=\"row-1\">\n\t<td class=\"column-1\">13\/09 - 03\/10<\/td><td class=\"column-2\">13\/09 - 03\/10<\/td><td class=\"column-3\">13\/09 - 03\/10<\/td><td class=\"column-4\">\u20ac 635<\/td><td class=\"column-5\">borgsom<\/td><td class=\"column-6\">deposit<\/td><td class=\"column-7\">Kaution<\/td><td class=\"column-8\">\u20ac 250<\/td><td class=\"column-9\">\u20ac 250<\/td><td class=\"column-10\">\u20ac 250<\/td>\n<\/tr>\n<tr class=\"row-2\">\n\t<td class=\"column-1\">04\/10 - 19\/12<\/td><td class=\"column-2\">04\/10 - 19\/12<\/td><td class=\"column-3\">04\/10 - 19\/12<\/td><td class=\"column-4\">\u20ac 580<\/td><td class=\"column-5\">schoonmaak<\/td><td class=\"column-6\">cleaning<\/td><td class=\"column-7\">Reinigung<\/td><td class=\"column-8\">\u20ac 150<\/td><td class=\"column-9\">\u20ac 150<\/td><td class=\"column-10\">\u20ac 150<\/td>\n<\/tr>\n<tr class=\"row-3\">\n\t<td class=\"column-1\">20\/12 - 26\/12<\/td><td class=\"column-2\">20\/12 - 26\/12<\/td><td class=\"column-3\">20\/12 - 26\/12<\/td><td class=\"column-4\">\u20ac 999<\/td><td class=\"column-5\">electra\/kWh<\/td><td class=\"column-6\">electricity\/kWh<\/td><td class=\"column-7\">Elektrizit\u00e4t\/kWh<\/td><td class=\"column-8\">\u20ac 0,25<\/td><td class=\"column-9\">\u20ac 0,25<\/td><td class=\"column-10\">\u20ac 0,25<\/td>\n<\/tr>\n<tr class=\"row-4\">\n\t<td class=\"column-1\">27\/12 - 02\/12<\/td><td class=\"column-2\">27\/12 - 02\/12<\/td><td class=\"column-3\">27\/12 - 02\/12<\/td><td class=\"column-4\">\u20ac 1295<\/td><td class=\"column-5\">huisvuil verwijderen<\/td><td class=\"column-6\">garbage removal<\/td><td class=\"column-7\">Hausabfall abholen<\/td><td class=\"column-8\">gratis<\/td><td class=\"column-9\">complementary<\/td><td class=\"column-10\">inkludiert<\/td>\n<\/tr>\n<tr class=\"row-5\">\n\t<td class=\"column-1\">2026<\/td><td class=\"column-2\">2026<\/td><td class=\"column-3\">2026<\/td><td class=\"column-4\">&nbsp;<\/td><td class=\"column-5\">openhaardhout<\/td><td class=\"column-6\">wood for fireplace<\/td><td class=\"column-7\">Holz<\/td><td class=\"column-8\">gratis<\/td><td class=\"column-9\">complementary<\/td><td class=\"column-10\">inkludiert<\/td>\n<\/tr>\n<tr class=\"row-6\">\n\t<td class=\"column-1\">03\/01 - 30\/01<\/td><td class=\"column-2\">03\/01 - 30\/01<\/td><td class=\"column-3\">03\/01 - 30\/01<\/td><td class=\"column-4\">\u20ac 935<\/td><td class=\"column-5\">toeristenbelasting p.p. p\/dag vanaf 18 jaar<\/td><td class=\"column-6\">tourist tax p.p. per day from 18 years<\/td><td class=\"column-7\">Kurtaxe p.p. pro Tag ab 18 Jahre<\/td><td class=\"column-8\">\u20ac 2,70<\/td><td class=\"column-9\">\u20ac 2,70<\/td><td class=\"column-10\">\u20ac 2,70<\/td>\n<\/tr>\n<tr class=\"row-7\">\n\t<td class=\"column-1\">31\/01 - 13\/02<\/td><td class=\"column-2\">31\/01 - 13\/02<\/td><td class=\"column-3\">31\/01 - 13\/02<\/td><td class=\"column-4\">\u20ac 675<\/td><td class=\"column-5\">bedlinnen p.p.<\/td><td class=\"column-6\">bed linen p.p.<\/td><td class=\"column-7\">Bettware p.p.<\/td><td class=\"column-8\">\u20ac 14,00<\/td><td class=\"column-9\">\u20ac 14,00<\/td><td class=\"column-10\">\u20ac 14,00<\/td>\n<\/tr>\n<tr class=\"row-8\">\n\t<td class=\"column-1\">14\/02 - 27\/02<\/td><td class=\"column-2\">14\/02 - 27\/02<\/td><td class=\"column-3\">14\/02 - 27\/02<\/td><td class=\"column-4\">\u20ac 895<\/td><td class=\"column-5\"><\/td><td class=\"column-6\"><\/td><td class=\"column-7\"><\/td><td class=\"column-8\"><\/td><td class=\"column-9\"><\/td><td class=\"column-10\"><\/td>\n<\/tr>\n<tr class=\"row-9\">\n\t<td class=\"column-1\">28\/02 - 01\/05<\/td><td class=\"column-2\">28\/02 - 01\/05<\/td><td class=\"column-3\">28\/02 - 01\/05<\/td><td class=\"column-4\">\u20ac 610<\/td><td class=\"column-5\">inchecken<\/td><td class=\"column-6\">check-in<\/td><td class=\"column-7\">check-in<\/td><td class=\"column-8\">16:00<\/td><td class=\"column-9\">16:00<\/td><td class=\"column-10\">16:00<\/td>\n<\/tr>\n<tr class=\"row-10\">\n\t<td class=\"column-1\">02\/05 - 29\/05<\/td><td class=\"column-2\">02\/05 - 29\/05<\/td><td class=\"column-3\">02\/05 - 29\/05<\/td><td class=\"column-4\">\u20ac 710<\/td><td class=\"column-5\">uitchecken<\/td><td class=\"column-6\">check-out<\/td><td class=\"column-7\">auschecken<\/td><td class=\"column-8\">10:00<\/td><td class=\"column-9\">10:00<\/td><td class=\"column-10\">10:00<\/td>\n<\/tr>\n<tr class=\"row-11\">\n\t<td class=\"column-1\">30\/05 - 26\/06<\/td><td class=\"column-2\">30\/05 - 26\/06<\/td><td class=\"column-3\">30\/05 - 26\/06<\/td><td class=\"column-4\">\u20ac 725<\/td><td class=\"column-5\"><\/td><td class=\"column-6\"><\/td><td class=\"column-7\"><\/td><td class=\"column-8\"><\/td><td class=\"column-9\"><\/td><td class=\"column-10\"><\/td>\n<\/tr>\n<tr class=\"row-12\">\n\t<td class=\"column-1\">27\/06 - 03\/07<\/td><td class=\"column-2\">27\/06 - 03\/07<\/td><td class=\"column-3\">27\/06 - 03\/07<\/td><td class=\"column-4\">\u20ac 775<\/td><td class=\"column-5\"><\/td><td class=\"column-6\"><\/td><td class=\"column-7\"><\/td><td class=\"column-8\"><\/td><td class=\"column-9\"><\/td><td class=\"column-10\"><\/td>\n<\/tr>\n<tr class=\"row-13\">\n\t<td class=\"column-1\">04\/07 - 10\/07<\/td><td class=\"column-2\">04\/07 - 10\/07<\/td><td class=\"column-3\">04\/07 - 10\/07<\/td><td class=\"column-4\">\u20ac 985<\/td><td class=\"column-5\"><\/td><td class=\"column-6\"><\/td><td class=\"column-7\"><\/td><td class=\"column-8\"><\/td><td class=\"column-9\"><\/td><td class=\"column-10\"><\/td>\n<\/tr>\n<tr class=\"row-14\">\n\t<td class=\"column-1\">11\/07 - 21\/08<\/td><td class=\"column-2\">11\/07 - 21\/08<\/td><td class=\"column-3\">11\/07 - 21\/08<\/td><td class=\"column-4\">\u20ac 1.195<\/td><td class=\"column-5\"><\/td><td class=\"column-6\"><\/td><td class=\"column-7\"><\/td><td class=\"column-8\"><\/td><td class=\"column-9\"><\/td><td class=\"column-10\"><\/td>\n<\/tr>\n<tr class=\"row-15\">\n\t<td class=\"column-1\">22\/08 - 28\/08<\/td><td class=\"column-2\">22\/08 - 28\/08<\/td><td class=\"column-3\">22\/08 - 28\/08<\/td><td class=\"column-4\">\u20ac 935<\/td><td class=\"column-5\"><\/td><td class=\"column-6\"><\/td><td class=\"column-7\"><\/td><td class=\"column-8\"><\/td><td class=\"column-9\"><\/td><td class=\"column-10\"><\/td>\n<\/tr>\n<tr class=\"row-16\">\n\t<td class=\"column-1\">29\/08 - 11\/09<\/td><td class=\"column-2\">29\/08 - 11\/09<\/td><td class=\"column-3\">29\/08 - 11\/09<\/td><td class=\"column-4\">\u20ac 765<\/td><td class=\"column-5\"><\/td><td class=\"column-6\"><\/td><td class=\"column-7\"><\/td><td class=\"column-8\"><\/td><td class=\"column-9\"><\/td><td class=\"column-10\"><\/td>\n<\/tr>\n<tr class=\"row-17\">\n\t<td class=\"column-1\">12\/09 - 02\/10<\/td><td class=\"column-2\">12\/09 - 02\/10<\/td><td class=\"column-3\">12\/09 - 02\/10<\/td><td class=\"column-4\">\u20ac 635<\/td><td class=\"column-5\"><\/td><td class=\"column-6\"><\/td><td class=\"column-7\"><\/td><td class=\"column-8\"><\/td><td class=\"column-9\"><\/td><td class=\"column-10\"><\/td>\n<\/tr>\n<tr class=\"row-18\">\n\t<td class=\"column-1\">03\/10 - 18\/12<\/td><td class=\"column-2\">03\/10 - 18\/12<\/td><td class=\"column-3\">03\/10 - 18\/12<\/td><td class=\"column-4\">\u20ac 580<\/td><td class=\"column-5\"><\/td><td class=\"column-6\"><\/td><td class=\"column-7\"><\/td><td class=\"column-8\"><\/td><td class=\"column-9\"><\/td><td class=\"column-10\"><\/td>\n<\/tr>\n<tr class=\"row-19\">\n\t<td class=\"column-1\">19\/12 - 25\/12<\/td><td class=\"column-2\">19\/12 - 25\/12<\/td><td class=\"column-3\">19\/12 - 25\/12<\/td><td class=\"column-4\">\u20ac 1035<\/td><td class=\"column-5\"><\/td><td class=\"column-6\"><\/td><td class=\"column-7\"><\/td><td class=\"column-8\"><\/td><td class=\"column-9\"><\/td><td class=\"column-10\"><\/td>\n<\/tr>\n<tr class=\"row-20\">\n\t<td class=\"column-1\">26\/12 - 01\/01<\/td><td class=\"column-2\">26\/12 - 01\/01<\/td><td class=\"column-3\">26\/12 - 01\/01<\/td><td class=\"column-4\">\u20ac 1345<\/td><td class=\"column-5\"><\/td><td class=\"column-6\"><\/td><td class=\"column-7\"><\/td><td class=\"column-8\"><\/td><td class=\"column-9\"><\/td><td class=\"column-10\"><\/td>\n<\/tr>\n<tr class=\"row-21\">\n\t<td class=\"column-1\">2027<\/td><td class=\"column-2\">2027<\/td><td class=\"column-3\">2027<\/td><td class=\"column-4\">&nbsp;<\/td><td class=\"column-5\"><\/td><td class=\"column-6\"><\/td><td class=\"column-7\"><\/td><td class=\"column-8\"><\/td><td class=\"column-9\"><\/td><td class=\"column-10\"><\/td>\n<\/tr>\n<tr class=\"row-22\">\n\t<td class=\"column-1\">02\/01 - 09\/01<\/td><td class=\"column-2\">02\/01 - 09\/01<\/td><td class=\"column-3\">02\/01 - 09\/01<\/td><td class=\"column-4\">\u20ac 945<\/td><td class=\"column-5\"><\/td><td class=\"column-6\"><\/td><td class=\"column-7\"><\/td><td class=\"column-8\"><\/td><td class=\"column-9\"><\/td><td class=\"column-10\"><\/td>\n<\/tr>\n<tr class=\"row-23\">\n\t<td class=\"column-1\">10\/01 - 12\/02<\/td><td class=\"column-2\">10\/01 - 12\/02<\/td><td class=\"column-3\">10\/01 - 12\/02<\/td><td class=\"column-4\">\u20ac 675<\/td><td class=\"column-5\"><\/td><td class=\"column-6\"><\/td><td class=\"column-7\"><\/td><td class=\"column-8\"><\/td><td class=\"column-9\"><\/td><td class=\"column-10\"><\/td>\n<\/tr>\n<\/tbody>\n<\/table>\n<\/div>\n<h3 class=\"info-attrib\">Zus\u00e4tzliche Kosten Erkl\u00e4rung<\/h3>\n<div id=\"cal\">\n<ul>\n<li>Endreinigung<br \/>\n\u20ac 150,00 pro Aufenthalt.<\/li>\n<li>Elektra<br \/>\nNach Verbrauch (Z\u00e4hlerstand wird durch der Hausmeister abgenommen und von der Kaution abgezogen).<\/li>\n<li>Anzahlung<br \/>\n\u20ac 250,00 pro Reservierung (obligatorisch und im Voraus zu bezahlen). Wenn das Ferienhaus nach Mietzeit ordnungsgem\u00e4\u00df verlassen wird, wird dies innerhalb von 2 Wochen nach Abzug des Stromverbrauchs zur\u00fcckerstattet.<\/li>\n<li>Kurtaxe<br \/>\n\u20ac2,70 pro Person. (Preis\u00e4nderungen mit Vorbehalt)<\/li>\n<li>Bettw\u00e4sche (Bettbezug, Kissenbezug und Bettlaken)<br \/>\n\u20ac14,00 pro Person pro Aufenthalt.<\/li>\n<\/ul>\n<p>Bringen Sie Ihre eigenen: Badet\u00fccher, Handt\u00fccher, Geschirrt\u00fccher usw.<\/p>\n<p>&nbsp;<\/p>\n<h3>M\u00f6chten Sie unser Ferienhaus mieten?<\/h3>\n<ul>\n<li>F\u00fcllen Sie bitte das Formular unten den Kalender eines<\/li>\n<li><a href=\"https:\/\/berghaus-christel.com\/wp-content\/uploads\/Terms-Tenants-Berghaus-Christel-GB.pdf\" target=\"_blank\" rel=\"noopener noreferrer\">Terms Tenants Berghaus Christel (GB)<\/a><\/li>\n<\/ul>\n <div id=\"form_id1154593144900\" class=\"wpbc_container wpbc_form wpbc_container_booking_form \" ><form id=\"booking_form1\" class=\"booking_form vertical\" method=\"post\" action=\"\"><div id=\"ajax_respond_insert1\" class=\"ajax_respond_insert\" style=\"display:none;\"><\/div><a name=\"bklnk1\" id=\"bklnk1\"><\/a><div id=\"booking_form_div1\" class=\"booking_form_div\"><style type=\"text\/css\">.wpbc_container_booking_form .block_hints, .wpbc_booking_form_simple.wpbc_form_center .wpbc__form__div .wpbc__row.wpbc_r_calendar, .wpbc_booking_form_simple .wpbc__form__div .wpbc__row:not(.wpbc_r_calendar){max-width:440px;} <\/style>\n<div class=\"wpbc_booking_form_simple \">\n<div class=\"wpbc__form__div\">\n\t\t\t<div class=\"wpbc_r_calendar wpbc__row\">\n\t\t\t\t<div class=\"wpbc_r_calendar wpbc__field\"> <label><\/label><br><div class=\"wpbc_calendar_wraper wpbc_change_over_triangle wpbc_calendar_skin_legacy\"><div class=\"wpbc_cal_container bk_calendar_frame wpbc_no_custom_width  months_num_in_row_ cal_month_num_3 wpbc_timeslot_day_bg_as_available\" style=\"\"><div id=\"calendar_booking1\"  class=\"wpbc_calendar_id_1\" >\t<div class=\"calendar_loader_frame calendar_loader_frame1\"\r\n\t\tdata-wpbc-rid=\"1\"\r\n\t\tdata-wpbc-grace=\"8000\"\r\n\t\tstyle=\"--wpbc-loader-cols: 3;\"\r\n\t>\r\n\t\t<div class=\"calendar_loader_text\">Wird geladen...<\/div>\r\n\t\t<div class=\"calendar_loader_frame__progress_line_container\">\r\n\t\t\t<div class=\"calendar_loader_frame__progress_line\"><\/div>\r\n\t\t<\/div>\r\n\t<\/div>\r\n\t<\/div><\/div><textarea id=\"date_booking1\" name=\"date_booking1\" autocomplete=\"off\" style=\"display:none;\"><\/textarea><div class=\"block_hints datepick \"><div class=\"wpdev_hint_with_text\"><div class=\"\"><div class=\"datepick-inline wpbc_calendar_legend_table_width_height\"><table class=\"datepick wpbc_calendar\" style=\"\"><tbody><tr><td class=\"datepick-days-cell date_available wpbc_calendar_legend_day_cell_height\"><div class=\"wpbc-cell-box\">\t<div class=\"date-cell-content\">\t\t<div class=\"date-content-top\"><\/div>\t\t<a>15<\/a>\t\t<div class=\"date-content-bottom\"><\/div>\t<\/div><\/div><\/td><\/tr><\/tbody><\/table><\/div><\/div><div class=\"block_text\">- <\/div><div class=\"block_text\">Beschikbaar\/  Available \/ Verf\u00fcgbar<\/div><\/div><div class=\"wpdev_hint_with_text\"><div class=\"\"><div class=\"datepick-inline wpbc_calendar_legend_table_width_height\"><table class=\"datepick wpbc_calendar\" style=\"\"><tbody><tr><td class=\"datepick-days-cell datepick-unselectable date_user_unavailable full_day_booking date_approved wpbc_calendar_legend_day_cell_height\"><div class=\"wpbc-cell-box\">\t<div class=\"date-cell-content\">\t\t<div class=\"date-content-top\"><\/div>\t\t<span>15<\/span>\t\t<div class=\"date-content-bottom\"><\/div>\t<\/div><\/div><\/td><\/tr><\/tbody><\/table><\/div><\/div><div class=\"block_text\">- <\/div><div class=\"block_text\">Geboekt \/ Booked \/ Gebucht<\/div><\/div><div class=\"wpdev_hint_with_text\"><div class=\"\"><div class=\"datepick-inline wpbc_calendar_legend_table_width_height\"><table class=\"datepick wpbc_calendar\" style=\"\"><tbody><tr><td class=\"datepick-days-cell datepick-unselectable date_user_unavailable full_day_booking date2approve wpbc_calendar_legend_day_cell_height\"><div class=\"wpbc-cell-box\">\t<div class=\"date-cell-content\">\t\t<div class=\"date-content-top\"><\/div>\t\t<span>15<\/span>\t\t<div class=\"date-content-bottom\"><\/div>\t<\/div><\/div><\/td><\/tr><\/tbody><\/table><\/div><\/div><div class=\"block_text\">- <\/div><div class=\"block_text\">In afwachting \/ Pending \/ Anh\u00e4ngig<\/div><\/div><div class=\"wpdev_hint_with_text\"><div class=\"\"><span class=\" wpbc_timeslot_day_bg_as_available wpbc_change_over_triangle\"><div class=\"datepick-inline wpbc_calendar_legend_table_width_height\"><table class=\"datepick wpbc_calendar\" style=\"\"><tbody><tr><td class=\"datepick-days-cell date_available date2approve timespartly times_clock wpbc_calendar_legend_day_cell_height\"><div class=\"wpbc-cell-box\">\t<div class=\"wpbc-diagonal-el\">\t\t<div class=\"wpbc-co-out\"><svg height=\"100%\" width=\"100%\" viewBox=\"0 0 100 100\" preserveAspectRatio=\"none\"><polygon points=\"0,0 0,99 99,0\"><\/polygon><polygon points=\"0,0 0,100 49,100 49,0\"><\/polygon><\/svg><\/div>\t\t<div class=\"wpbc-co-in\"><svg height=\"100%\" width=\"100%\" viewBox=\"0 0 98 98\" preserveAspectRatio=\"none\"><polygon points=\"0,99 99,99 99,0\"><\/polygon><polygon points=\"50,98 98,98 98,0 50,0\"><\/polygon><\/svg><\/div>\t<\/div>\t<div class=\"date-cell-content\">\t\t<div class=\"date-content-top\"><div class=\"wpbc_time_dots\">\u00b7<\/div><\/div>\t\t<a>15<\/a>\t\t<div class=\"date-content-bottom\"><\/div>\t<\/div><\/div><\/td><\/tr><\/tbody><\/table><\/div><\/span><\/div><div class=\"block_text\">- <\/div><div class=\"block_text\">Gedeeltelijk geboekt<\/div><\/div><\/div><\/div> <\/div>\n\t\t\t<\/div>\n\t\t\t<div class=\"wpbc__row\">\n\t\t\t\t<div class=\"wpbc_r_name wpbc__field\"> <label>First Name*<\/label><br><span class=\"wpbc_wrap_text wpdev-form-control-wrap name1\"><input type=\"text\" name=\"name1\" value=\"\" autocomplete=\"name\" class=\"wpdev-validates-as-required\" size=\"40\" \/><\/span> <\/div>\n\t\t\t<\/div>\n\t\t\t<div class=\"wpbc__row\">\n\t\t\t\t<div class=\"wpbc_r_secondname wpbc__field\"> <label>Last Name*<\/label><br><span class=\"wpbc_wrap_text wpdev-form-control-wrap secondname1\"><input type=\"text\" name=\"secondname1\" value=\"\" autocomplete=\"secondname\" class=\"wpdev-validates-as-required\" size=\"40\" \/><\/span> <\/div>\n\t\t\t<\/div>\n\t\t\t<div class=\"wpbc__row\">\n\t\t\t\t<div class=\"wpbc_r_email wpbc__field\"> <label>Email*<\/label><br><span class=\"wpbc_wrap_text wpdev-form-control-wrap email1\"><input type=\"email\" name=\"email1\" value=\"\" autocomplete=\"email\" class=\"wpdev-validates-as-email wpdev-validates-as-required\" size=\"40\" \/><\/span> <\/div>\n\t\t\t<\/div>\n\t\t\t<div class=\"wpbc__row\">\n\t\t\t\t<div class=\"wpbc_r_phone wpbc__field\"> <label>Phone<\/label><br><span class=\"wpbc_wrap_text wpdev-form-control-wrap phone1\"><input type=\"text\" name=\"phone1\" value=\"\" autocomplete=\"phone\" size=\"40\" \/><\/span> <\/div>\n\t\t\t<\/div>\n\t\t\t<div class=\"wpbc__row\">\n\t\t\t\t<div class=\"wpbc_r_details wpbc__field\"> <label>Details<\/label><br><span class=\"wpbc_wrap_textarea wpdev-form-control-wrap details1\"><textarea name=\"details1\" autocomplete=\"details\"><\/textarea><\/span> <\/div>\n\t\t\t<\/div>\n\t\t\t<div class=\"wpbc__row\">\n\t\t\t\t<div class=\"wpbc_r_captcha wpbc__field\"> <label><\/label><br><span class=\"wpbc_text_captcha_container wpdev-form-control-wrap \"><input  autocomplete=\"off\" type=\"hidden\" name=\"wpdev_captcha_challenge_1\"  id=\"wpdev_captcha_challenge_1\" value=\"650243576\" \/><input  autocomplete=\"off\" type=\"text\" class=\"captachinput\" value=\"\" name=\"captcha_input1\" id=\"captcha_input1\" \/><img decoding=\"async\" class=\"captcha_img\"  id=\"captcha_img1\" alt=\"To show CAPTCHA, please deactivate cache plugin or exclude this page from caching or disable CAPTCHA at WP Booking Calendar - Settings General page in Form Options section.\" src=\"https:\/\/berghaus-christel.com\/wp-content\/plugins\/booking\/js\/captcha\/tmp\/650243576.png\" \/><\/span> <\/div>\n\t\t\t<\/div>\n\t\t\t<div class=\"wpbc__row\">\n\t\t\t\t<div class=\"wpbc_r_submit wpbc__field\"><input type=\"button\" value=\"Send\" class=\"wpbc_button_light  btn btn\" onclick=\"wpbc_booking_form_submit(this.form,1, 'de_DE');\" \/> <\/div>\n\t\t\t<\/div>\n<\/div>\n<\/div><input id=\"bk_type1\" name=\"bk_type1\" class=\"\" type=\"hidden\" value=\"1\" \/><\/div><div id=\"submiting1\"><\/div><div class=\"form_bk_messages\" id=\"form_bk_messages1\" ><\/div><input type=\"hidden\" id=\"wpbc_nonceCALCULATE_THE_COST1\" name=\"wpbc_nonceCALCULATE_THE_COST1\" value=\"8b73a971d6\" \/><input type=\"hidden\" name=\"_wp_http_referer\" value=\"\/de\/wp-json\/wp\/v2\/pages\/324\" \/><\/form><\/div><div id=\"booking_form_garbage1\" class=\"booking_form_garbage\"><\/div> \n<\/div>\n<div id=\"sunny\">\n<p><a class=\"sunnycars\" href=\"http:\/\/partner.sunnycars.nl\/ak\/2121115\" target=\"_blank\" rel=\"noopener noreferrer\"><br \/>\n<img decoding=\"async\" class=\"aligncenter size-full\" src=\"\/wp-content\/uploads\/icon-autoverhuur-transparant.png\" alt=\"icon-autoverhuur-transparant\" \/>Ihren Leihauto einfach und billig reservieren!<br \/>\n<\/a><\/p>\n<\/div>\n","protected":false},"excerpt":{"rendered":"PREIS UND VERF\u00dcGBARKEIT FERIENHAUS BERGHAUS CHRISTEL Mietpreis Ferienhaus Berghaus Christel ist pro Woche und sind von Samstag 16:00 &#8211; Samstag 10:00 oder Sonntag 16:00 &#8211; Sonntag 10:00. In der Nebensaison ist es auch m\u00f6glich, k\u00fcrzer zu bleiben. Sie k\u00f6nnen auch an einem anderen Tag ankommen oder abfahren auf einen anderen Tag. F\u00fchlen Sie sich frei,&#8230; <a class=\"view-article\" href=\"https:\/\/berghaus-christel.com\/de\/preis-und-verfugbarkeit-berghaus-christel\/\">View Article<\/a>","protected":false},"author":4,"featured_media":0,"parent":0,"menu_order":0,"comment_status":"closed","ping_status":"open","template":"page-booking.php","meta":{"_monsterinsights_skip_tracking":false,"_monsterinsights_sitenote_active":false,"_monsterinsights_sitenote_note":"","_monsterinsights_sitenote_category":0,"footnotes":""},"class_list":["post-324","page","type-page","status-publish","hentry"],"yoast_head":"<!-- This site is optimized with the Yoast SEO plugin v27.3 - https:\/\/yoast.com\/product\/yoast-seo-wordpress\/ -->\n<title>Mietpreis Ferienhaus in K\u00e4rnten | 3 Schalfzimmer + 2 Badezimmer<\/title>\n<meta name=\"description\" content=\"Ferienhaus &#039;Berghaus Christel&#039; mieten in K\u00e4rnten Osterreich | Sie k\u00f6nnen sich hier die Preis anschauen und Reservierung machen\" \/>\n<meta name=\"robots\" content=\"index, follow, max-snippet:-1, max-image-preview:large, max-video-preview:-1\" \/>\n<link rel=\"canonical\" href=\"https:\/\/berghaus-christel.com\/de\/preis-und-verfugbarkeit-berghaus-christel\/\" \/>\n<meta property=\"og:locale\" content=\"de_DE\" \/>\n<meta property=\"og:type\" content=\"article\" \/>\n<meta property=\"og:title\" content=\"Mietpreis Ferienhaus in K\u00e4rnten | 3 Schalfzimmer + 2 Badezimmer\" \/>\n<meta property=\"og:description\" content=\"Ferienhaus &#039;Berghaus Christel&#039; mieten in K\u00e4rnten Osterreich | Sie k\u00f6nnen sich hier die Preis anschauen und Reservierung machen\" \/>\n<meta property=\"og:url\" content=\"https:\/\/berghaus-christel.com\/de\/preis-und-verfugbarkeit-berghaus-christel\/\" \/>\n<meta property=\"og:site_name\" content=\"Berghaus Christel\" \/>\n<meta property=\"article:modified_time\" content=\"2025-08-20T06:48:07+00:00\" \/>\n<meta name=\"twitter:label1\" content=\"Gesch\u00e4tzte Lesezeit\" \/>\n\t<meta name=\"twitter:data1\" content=\"2\u00a0Minuten\" \/>\n<script type=\"application\/ld+json\" class=\"yoast-schema-graph\">{\"@context\":\"https:\\\/\\\/schema.org\",\"@graph\":[{\"@type\":\"WebPage\",\"@id\":\"https:\\\/\\\/berghaus-christel.com\\\/de\\\/preis-und-verfugbarkeit-berghaus-christel\\\/\",\"url\":\"https:\\\/\\\/berghaus-christel.com\\\/de\\\/preis-und-verfugbarkeit-berghaus-christel\\\/\",\"name\":\"Mietpreis Ferienhaus in K\u00e4rnten | 3 Schalfzimmer + 2 Badezimmer\",\"isPartOf\":{\"@id\":\"https:\\\/\\\/berghaus-christel.com\\\/de\\\/#website\"},\"datePublished\":\"2011-10-27T19:26:41+00:00\",\"dateModified\":\"2025-08-20T06:48:07+00:00\",\"description\":\"Ferienhaus 'Berghaus Christel' mieten in K\u00e4rnten Osterreich | Sie k\u00f6nnen sich hier die Preis anschauen und Reservierung machen\",\"inLanguage\":\"de\",\"potentialAction\":[{\"@type\":\"ReadAction\",\"target\":[\"https:\\\/\\\/berghaus-christel.com\\\/de\\\/preis-und-verfugbarkeit-berghaus-christel\\\/\"]}]},{\"@type\":\"WebSite\",\"@id\":\"https:\\\/\\\/berghaus-christel.com\\\/de\\\/#website\",\"url\":\"https:\\\/\\\/berghaus-christel.com\\\/de\\\/\",\"name\":\"Berghaus Christel\",\"description\":\"Mieten Sie Ihre Ferien Villa in K\u00e4rnten\",\"potentialAction\":[{\"@type\":\"SearchAction\",\"target\":{\"@type\":\"EntryPoint\",\"urlTemplate\":\"https:\\\/\\\/berghaus-christel.com\\\/de\\\/?s={search_term_string}\"},\"query-input\":{\"@type\":\"PropertyValueSpecification\",\"valueRequired\":true,\"valueName\":\"search_term_string\"}}],\"inLanguage\":\"de\"}]}<\/script>\n<!-- \/ Yoast SEO plugin. -->","yoast_head_json":{"title":"Mietpreis Ferienhaus in K\u00e4rnten | 3 Schalfzimmer + 2 Badezimmer","description":"Ferienhaus 'Berghaus Christel' mieten in K\u00e4rnten Osterreich | Sie k\u00f6nnen sich hier die Preis anschauen und Reservierung machen","robots":{"index":"index","follow":"follow","max-snippet":"max-snippet:-1","max-image-preview":"max-image-preview:large","max-video-preview":"max-video-preview:-1"},"canonical":"https:\/\/berghaus-christel.com\/de\/preis-und-verfugbarkeit-berghaus-christel\/","og_locale":"de_DE","og_type":"article","og_title":"Mietpreis Ferienhaus in K\u00e4rnten | 3 Schalfzimmer + 2 Badezimmer","og_description":"Ferienhaus 'Berghaus Christel' mieten in K\u00e4rnten Osterreich | Sie k\u00f6nnen sich hier die Preis anschauen und Reservierung machen","og_url":"https:\/\/berghaus-christel.com\/de\/preis-und-verfugbarkeit-berghaus-christel\/","og_site_name":"Berghaus Christel","article_modified_time":"2025-08-20T06:48:07+00:00","twitter_misc":{"Gesch\u00e4tzte Lesezeit":"2\u00a0Minuten"},"schema":{"@context":"https:\/\/schema.org","@graph":[{"@type":"WebPage","@id":"https:\/\/berghaus-christel.com\/de\/preis-und-verfugbarkeit-berghaus-christel\/","url":"https:\/\/berghaus-christel.com\/de\/preis-und-verfugbarkeit-berghaus-christel\/","name":"Mietpreis Ferienhaus in K\u00e4rnten | 3 Schalfzimmer + 2 Badezimmer","isPartOf":{"@id":"https:\/\/berghaus-christel.com\/de\/#website"},"datePublished":"2011-10-27T19:26:41+00:00","dateModified":"2025-08-20T06:48:07+00:00","description":"Ferienhaus 'Berghaus Christel' mieten in K\u00e4rnten Osterreich | Sie k\u00f6nnen sich hier die Preis anschauen und Reservierung machen","inLanguage":"de","potentialAction":[{"@type":"ReadAction","target":["https:\/\/berghaus-christel.com\/de\/preis-und-verfugbarkeit-berghaus-christel\/"]}]},{"@type":"WebSite","@id":"https:\/\/berghaus-christel.com\/de\/#website","url":"https:\/\/berghaus-christel.com\/de\/","name":"Berghaus Christel","description":"Mieten Sie Ihre Ferien Villa in K\u00e4rnten","potentialAction":[{"@type":"SearchAction","target":{"@type":"EntryPoint","urlTemplate":"https:\/\/berghaus-christel.com\/de\/?s={search_term_string}"},"query-input":{"@type":"PropertyValueSpecification","valueRequired":true,"valueName":"search_term_string"}}],"inLanguage":"de"}]}},"_links":{"self":[{"href":"https:\/\/berghaus-christel.com\/de\/wp-json\/wp\/v2\/pages\/324","targetHints":{"allow":["GET"]}}],"collection":[{"href":"https:\/\/berghaus-christel.com\/de\/wp-json\/wp\/v2\/pages"}],"about":[{"href":"https:\/\/berghaus-christel.com\/de\/wp-json\/wp\/v2\/types\/page"}],"author":[{"embeddable":true,"href":"https:\/\/berghaus-christel.com\/de\/wp-json\/wp\/v2\/users\/4"}],"replies":[{"embeddable":true,"href":"https:\/\/berghaus-christel.com\/de\/wp-json\/wp\/v2\/comments?post=324"}],"version-history":[{"count":12,"href":"https:\/\/berghaus-christel.com\/de\/wp-json\/wp\/v2\/pages\/324\/revisions"}],"predecessor-version":[{"id":6365,"href":"https:\/\/berghaus-christel.com\/de\/wp-json\/wp\/v2\/pages\/324\/revisions\/6365"}],"wp:attachment":[{"href":"https:\/\/berghaus-christel.com\/de\/wp-json\/wp\/v2\/media?parent=324"}],"curies":[{"name":"wp","href":"https:\/\/api.w.org\/{rel}","templated":true}]}}